{"id":7,"date":"2011-07-14T19:45:42","date_gmt":"2011-07-14T19:45:42","guid":{"rendered":"http:\/\/www.stconsulting.ba\/services\/"},"modified":"2016-07-22T14:20:31","modified_gmt":"2016-07-22T14:20:31","slug":"solutions","status":"publish","type":"page","link":"https:\/\/www.stconsulting.ba\/?page_id=7","title":{"rendered":"Na\u0161e Usluge"},"content":{"rendered":"<div class=\"row \"><\/div><!-- .row (end) -->\n<div class=\"span3 nase-usluge\"><div class=\"extra-wrap style-1\">\n<h2>RA\u010cUNOVODSTVO<\/h2>\n<\/div>\n<div class=\"list styled custom-list\">\n<ul>\n<li>Vo\u0111enje KUF-a i KIF-a<\/li>\n<li>Obra\u010dun i knji\u017eenje putnih naloga<\/li>\n<li>Podno\u0161enje mjese\u010dnih i godi\u0161njih izvje\u0161taja o platama<\/li>\n<li>Obra\u010dun i podno\u0161enje PDV prijava<\/li>\n<li>Unos i knji\u017eenje izvoda i Blagajne<\/li>\n<li>Evidencija stalnih sredstava i obra\u010dun amortizacije<\/li>\n<li>Obra\u010dun i kni\u017eenje proizvodnje<\/li>\n<li>Knjigovodstvo za samostalne poduzetnike<\/li>\n<li>Izrada polugodi\u0161njih i godi\u0161njih finansijskih izvje\u0161taja<\/li>\n<li>Izrada mjese\u010dnih statistika<\/li>\n<li>Druge ra\u010dunovodstvene\u00a0usluge<\/li>\n<\/ul>\n<\/div><\/div>\n<div class=\"span3 nase-usluge\"><div class=\"extra-wrap style-1\">\n<h2>SAVJETOVANJE<\/h2>\n<\/div>\n<div class=\"list styled custom-list\">\n<ul>\n<li>Finansijsko savjetovanje<\/li>\n<li>Porezno savjetovanje<\/li>\n<li>Analiza tro\u0161kova i profitabilnosti<\/li>\n<li>Kreiranje biznis planova - Canvas<\/li>\n<li>Organizacija poslovanja<\/li>\n<li>Analiza tr\u017ei\u0161ta, konkurenata i industrije poslovanja<\/li>\n<li>Krizno upravljanje<\/li>\n<li>Krizno komuniciranje<\/li>\n<li>Vo\u0111enje i upravljanje Skup\u0161tine dru\u0161tva<\/li>\n<li>Razvoj i upravljanje Start-Up projektima<\/li>\n<\/ul>\n<\/div><\/div>\n<div class=\"span3 nase-usluge\"><div class=\"extra-wrap style-1\">\n<h2>OSNIVANJE DRU\u0160TVA<\/h2>\n<\/div>\n<div class=\"list styled custom-list\">\n<ul>\n<li>Odabir tipa novoosnovanog Dru\u0161tva (prednosti i mane)<\/li>\n<li>Organizacija notarskih i pravnih usluga<\/li>\n<li>Pribavljanje rje\u0161enja o osnivanju<\/li>\n<li>Pribavljanje rje\u0161enja o statistici<\/li>\n<li>Pribavljanje rje\u0161enja ID broja<\/li>\n<li>Pribavljanje rje\u0161enja PDV broja<\/li>\n<li>Pribavljanje carinskog rje\u0161enja<\/li>\n<li>Fiskalizacija<\/li>\n<li>Druge izjave, saglanosti potrebne za osnivanje dru\u0161tva<\/li>\n<\/ul>\n<\/div><\/div>\n<div class=\"span3 \"><\/div>\n<p>&nbsp;<\/p>\n","protected":false},"excerpt":{"rendered":"&nbsp;","protected":false},"author":1,"featured_media":0,"parent":0,"menu_order":1,"comment_status":"open","ping_status":"closed","template":"page-fullwidth.php","meta":[],"_links":{"self":[{"href":"https:\/\/www.stconsulting.ba\/index.php?rest_route=\/wp\/v2\/pages\/7"}],"collection":[{"href":"https:\/\/www.stconsulting.ba\/index.php?rest_route=\/wp\/v2\/pages"}],"about":[{"href":"https:\/\/www.stconsulting.ba\/index.php?rest_route=\/wp\/v2\/types\/page"}],"author":[{"embeddable":true,"href":"https:\/\/www.stconsulting.ba\/index.php?rest_route=\/wp\/v2\/users\/1"}],"replies":[{"embeddable":true,"href":"https:\/\/www.stconsulting.ba\/index.php?rest_route=%2Fwp%2Fv2%2Fcomments&post=7"}],"version-history":[{"count":9,"href":"https:\/\/www.stconsulting.ba\/index.php?rest_route=\/wp\/v2\/pages\/7\/revisions"}],"predecessor-version":[{"id":2175,"href":"https:\/\/www.stconsulting.ba\/index.php?rest_route=\/wp\/v2\/pages\/7\/revisions\/2175"}],"wp:attachment":[{"href":"https:\/\/www.stconsulting.ba\/index.php?rest_route=%2Fwp%2Fv2%2Fmedia&parent=7"}],"curies":[{"name":"wp","href":"https:\/\/api.w.org\/{rel}","templated":true}]}}