{"id":220,"date":"2012-01-18T17:03:20","date_gmt":"2012-01-18T17:03:20","guid":{"rendered":"http:\/\/www.stconsulting.ba\/about\/testi\/"},"modified":"2016-07-23T14:27:54","modified_gmt":"2016-07-23T14:27:54","slug":"testi","status":"publish","type":"page","link":"https:\/\/www.stconsulting.ba\/?page_id=220","title":{"rendered":"Na\u0161 tim"},"content":{"rendered":"[:bs]\n<p class=\"p1\"><span class=\"s1\">NA\u0160 TIM<\/span><\/p>\n<p class=\"p1\"><span class=\"s1\">Na\u0161 tim \u010dine mladi, obrazovani, iskusni i ambiciozni kadrovi, koji svoje znanje i vje\u0161tine konstantno unaprije\u0111uju vode\u0107i se novitetima i trendovima u me\u0111unarodnim i svjetskim okvirima. Znanje i iskustva na\u0161ih kadrova sticani tokom godina u doma\u0107im i me\u0111unarodnim korporacijama, nude mogu\u0107nost razmjene bogatog know how, te mogu\u0107nost pronalaska optimalnog poslovnog rje\u0161enja za dru\u0161tva koja imaju pote\u0161ko\u0107e u svom poslovanju ili ra\u010dunovodstvenom evidentiranju poslovnih doga\u0111aja. U prilici smo da svoje iskustvo i znanje podijelimo sa vama:<\/span><\/p>\n<div class=\"carousel-wrap \"><div id=\"carousel-69e89929bcc8e\" class=\"es-carousel-wrapper\"><div class=\"es-carousel\"><ul class=\"es-carousel_list unstyled clearfix\"><li class=\"es-carousel_li format-standart clearfix list-item-0\"><figure class=\"featured-thumbnail\"><a href=\"https:\/\/www.stconsulting.ba\/?team=michael-freeman\" title=\"D\u017eenan Korijeni\u0107\"><img src=\"https:\/\/www.stconsulting.ba\/wp-content\/uploads\/2011\/07\/FullSizeRender-220x180.jpg\" alt=\"D\u017eenan Korijeni\u0107\" \/><\/a><\/figure><div class=\"desc\"><h5><a href=\"https:\/\/www.stconsulting.ba\/?team=michael-freeman\" title=\"D\u017eenan Korijeni\u0107\">D\u017eenan Korijeni\u0107<\/a><\/h5><p class=\"excerpt\">Mr D\u017eenan Korjeni\u0107\u00a0 School of Economics and Business University of Sarajevo Master&hellip;<\/p><\/div><\/li><li class=\"es-carousel_li format-standart clearfix list-item-1\"><figure class=\"featured-thumbnail\"><a href=\"https:\/\/www.stconsulting.ba\/?team=adriana-spelling\" title=\"Edin Kola\u0161inac\"><img src=\"https:\/\/www.stconsulting.ba\/wp-content\/uploads\/2011\/07\/IMG_20160902_115617-220x180.jpg\" alt=\"Edin Kola\u0161inac\" \/><\/a><\/figure><div class=\"desc\"><h5><a href=\"https:\/\/www.stconsulting.ba\/?team=adriana-spelling\" title=\"Edin Kola\u0161inac\">Edin Kola\u0161inac<\/a><\/h5><p class=\"excerpt\">Mr Edin Kola\u0161inac\u00a0 School of Economics and Business University of Sarajevo Master&hellip;<\/p><\/div><\/li><\/ul><\/div><\/div><script>\n\t\t\t\tjQuery(document).ready(function(){\n\t\t\t\t\tjQuery(\"#carousel-69e89929bcc8e\").elastislide({\n\t\t\t\t\t\timageW  : 220,\n\t\t\t\t\t\tminItems: 3,\n\t\t\t\t\t\tspeed   : 600,\n\t\t\t\t\t\teasing  : \"easeOutQuart\",\n\t\t\t\t\t\tmargin  : 18,\n\t\t\t\t\t\tborder  : 0\n\t\t\t\t\t});\n\t\t\t\t})<\/script><\/div>[:en]\n<p class=\"p1\"><span class=\"s1\">NA\u0160 TIM<\/span><\/p>\n<p class=\"p1\"><span class=\"s1\">Na\u0161 tim \u010dine mladi, obrazovani, iskusni i ambiciozni kadrovi, koji svoje znanje i vje\u0161tine konstantno unaprije\u0111uju vode\u0107i se novitetima i trendovima u me\u0111unarodnim i svjetskim okvirima. Znanje i iskustva na\u0161ih kadrova sticani tokom godina u doma\u0107im i me\u0111unarodnim korporacijama, nude mogu\u0107nost razmjene bogatog know how, te mogu\u0107nost pronalaska optimalnog poslovnog rje\u0161enja za dru\u0161tva koja imaju pote\u0161ko\u0107e u svom poslovanju ili ra\u010dunovodstvenom evidentiranju poslovnih doga\u0111aja. U prilici smo da svoje iskustvo i znanje podijelimo sa vama:<\/span><\/p>\n<div class=\"carousel-wrap \"><div id=\"carousel-69e89929bdda8\" class=\"es-carousel-wrapper\"><div class=\"es-carousel\"><ul class=\"es-carousel_list unstyled clearfix\"><li class=\"es-carousel_li format-standart clearfix list-item-0\"><figure class=\"featured-thumbnail\"><a href=\"https:\/\/www.stconsulting.ba\/?team=michael-freeman\" title=\"D\u017eenan Korijeni\u0107\"><img src=\"https:\/\/www.stconsulting.ba\/wp-content\/uploads\/2011\/07\/FullSizeRender-220x180.jpg\" alt=\"D\u017eenan Korijeni\u0107\" \/><\/a><\/figure><div class=\"desc\"><h5><a href=\"https:\/\/www.stconsulting.ba\/?team=michael-freeman\" title=\"D\u017eenan Korijeni\u0107\">D\u017eenan Korijeni\u0107<\/a><\/h5><p class=\"excerpt\">Mr D\u017eenan Korjeni\u0107\u00a0 School of Economics and Business University of Sarajevo Master&hellip;<\/p><\/div><\/li><li class=\"es-carousel_li format-standart clearfix list-item-1\"><figure class=\"featured-thumbnail\"><a href=\"https:\/\/www.stconsulting.ba\/?team=adriana-spelling\" title=\"Edin Kola\u0161inac\"><img src=\"https:\/\/www.stconsulting.ba\/wp-content\/uploads\/2011\/07\/IMG_20160902_115617-220x180.jpg\" alt=\"Edin Kola\u0161inac\" \/><\/a><\/figure><div class=\"desc\"><h5><a href=\"https:\/\/www.stconsulting.ba\/?team=adriana-spelling\" title=\"Edin Kola\u0161inac\">Edin Kola\u0161inac<\/a><\/h5><p class=\"excerpt\">Mr Edin Kola\u0161inac\u00a0 School of Economics and Business University of Sarajevo Master&hellip;<\/p><\/div><\/li><\/ul><\/div><\/div><script>\n\t\t\t\tjQuery(document).ready(function(){\n\t\t\t\t\tjQuery(\"#carousel-69e89929bdda8\").elastislide({\n\t\t\t\t\t\timageW  : 220,\n\t\t\t\t\t\tminItems: 3,\n\t\t\t\t\t\tspeed   : 600,\n\t\t\t\t\t\teasing  : \"easeOutQuart\",\n\t\t\t\t\t\tmargin  : 18,\n\t\t\t\t\t\tborder  : 0\n\t\t\t\t\t});\n\t\t\t\t})<\/script><\/div>[:]\n","protected":false},"excerpt":{"rendered":"[:bs] NA\u0160 TIM Na\u0161 tim \u010dine mladi, obrazovani, iskusni i ambiciozni kadrovi, koji svoje znanje i vje\u0161tine konstantno unaprije\u0111uju vode\u0107i se novitetima i trendovima u me\u0111unarodnim i svjetskim okvirima. Znanje i iskustva na\u0161ih kadrova sticani tokom godina u doma\u0107im i me\u0111unarodnim korporacijama, nude mogu\u0107nost razmjene bogatog know how, te mogu\u0107nost pronalaska optimalnog poslovnog rje\u0161enja za dru\u0161tva koja imaju pote\u0161ko\u0107e u&nbsp;<a href=\"https:\/\/www.stconsulting.ba\/?team=adriana-spelling\" class=\"read-more\">Continue Reading<\/a>","protected":false},"author":1,"featured_media":0,"parent":1797,"menu_order":0,"comment_status":"open","ping_status":"closed","template":"page-fullwidth.php","meta":[],"_links":{"self":[{"href":"https:\/\/www.stconsulting.ba\/index.php?rest_route=\/wp\/v2\/pages\/220"}],"collection":[{"href":"https:\/\/www.stconsulting.ba\/index.php?rest_route=\/wp\/v2\/pages"}],"about":[{"href":"https:\/\/www.stconsulting.ba\/index.php?rest_route=\/wp\/v2\/types\/page"}],"author":[{"embeddable":true,"href":"https:\/\/www.stconsulting.ba\/index.php?rest_route=\/wp\/v2\/users\/1"}],"replies":[{"embeddable":true,"href":"https:\/\/www.stconsulting.ba\/index.php?rest_route=%2Fwp%2Fv2%2Fcomments&post=220"}],"version-history":[{"count":6,"href":"https:\/\/www.stconsulting.ba\/index.php?rest_route=\/wp\/v2\/pages\/220\/revisions"}],"predecessor-version":[{"id":2177,"href":"https:\/\/www.stconsulting.ba\/index.php?rest_route=\/wp\/v2\/pages\/220\/revisions\/2177"}],"up":[{"embeddable":true,"href":"https:\/\/www.stconsulting.ba\/index.php?rest_route=\/wp\/v2\/pages\/1797"}],"wp:attachment":[{"href":"https:\/\/www.stconsulting.ba\/index.php?rest_route=%2Fwp%2Fv2%2Fmedia&parent=220"}],"curies":[{"name":"wp","href":"https:\/\/api.w.org\/{rel}","templated":true}]}}