{"id":14,"date":"2011-07-14T19:47:05","date_gmt":"2011-07-14T19:47:05","guid":{"rendered":"http:\/\/www.stconsulting.ba\/contacts\/"},"modified":"2016-04-03T20:37:34","modified_gmt":"2016-04-03T20:37:34","slug":"contacts","status":"publish","type":"page","link":"https:\/\/www.stconsulting.ba\/?page_id=14","title":{"rendered":"Kontakt"},"content":{"rendered":"<div class=\"row \">\n<div class=\"span12 \"><iframe style=\"border: 0;\" src=\"https:\/\/www.google.com\/maps\/embed?pb=!1m18!1m12!1m3!1d46030.403832940065!2d18.37125911894607!3d43.857896351035755!2m3!1f0!2f0!3f0!3m2!1i1024!2i768!4f13.1!3m3!1m2!1s0x4758c8d8f1f26b43%3A0xe3615179469e568e!2sSarajevo+Times!5e0!3m2!1sen!2sba!4v1436452600150\" width=\"800\" height=\"600\" frameborder=\"0\" allowfullscreen=\"allowfullscreen\"><\/iframe><br \/>\n<div class=\"spacer\"><\/div><!-- .spacer (end) --><\/div>\n<div class=\"span4 \"><h2>Kontakt podaci<\/h2>\n<p class=\"p1\"><span class=\"s1\">Ukoliko imate nedoumica i otvorenih pitanja za poslovanje va\u0161e kompanije, osnivanje novih kompanija, ra\u010dunovodstvenih i poreznih evidentiranja, budite slobodni da nas kontaktirate. Termin mo\u017eemo dogovoriti svakim danom od 8.00 h-16.00 h, bez ikakvih obaveza u pogledu budu\u0107e saradnje.<\/span><\/p>\n<p class=\"p1\"><address>\n<strong>ST Consulting<br \/>\nDolina 15, Marijin Dvor,<br \/>\n71000 Sarajevo, BiH<\/strong><br \/>\nKontakt telefon: +387 61 233 719<br \/>\n+387 61 010 399<br \/>\nE-mail: <a href=\"mailto:st@sarajevotimes.com\">info@stconsulting.ba<\/a><br \/>\n<\/address><!-- address (end) --><\/div>\n<div class=\"span8 \"><h2>Kontakt forma<\/h2>\n<div role=\"form\" class=\"wpcf7\" id=\"wpcf7-f208-o1\" dir=\"ltr\">\n<div class=\"screen-reader-response\" role=\"alert\" aria-live=\"polite\"><\/div>\n<form action=\"\/index.php?rest_route=%2Fwp%2Fv2%2Fpages%2F14#wpcf7-f208-o1\" method=\"post\" class=\"wpcf7-form init\" novalidate=\"novalidate\">\n<div style=\"display: none;\">\n<input type=\"hidden\" name=\"_wpcf7\" value=\"208\" \/>\n<input type=\"hidden\" name=\"_wpcf7_version\" value=\"5.2.2\" \/>\n<input type=\"hidden\" name=\"_wpcf7_locale\" value=\"\" \/>\n<input type=\"hidden\" name=\"_wpcf7_unit_tag\" value=\"wpcf7-f208-o1\" \/>\n<input type=\"hidden\" name=\"_wpcf7_container_post\" value=\"0\" \/>\n<input type=\"hidden\" name=\"_wpcf7_posted_data_hash\" value=\"\" \/>\n<\/div>\n<div class=\"row-fluid\">\n<p class=\"span4 field\"><span class=\"wpcf7-form-control-wrap your-name\"><input type=\"text\" name=\"your-name\" value=\"\" size=\"40\" class=\"wpcf7-form-control wpcf7-text wpcf7-validates-as-required\" aria-required=\"true\" aria-invalid=\"false\" placeholder=\"Name:\" \/><\/span> <\/p>\n<p class=\"span4 field\"><span class=\"wpcf7-form-control-wrap your-email\"><input type=\"email\" name=\"your-email\" value=\"\" size=\"40\" class=\"wpcf7-form-control wpcf7-text wpcf7-email wpcf7-validates-as-required wpcf7-validates-as-email\" aria-required=\"true\" aria-invalid=\"false\" placeholder=\"E-mail:\" \/><\/span> <\/p>\n<p class=\"span4 field\"><span class=\"wpcf7-form-control-wrap your-phone\"><input type=\"text\" name=\"your-phone\" value=\"\" size=\"40\" class=\"wpcf7-form-control wpcf7-text\" aria-invalid=\"false\" placeholder=\"Phone:\" \/><\/span> <\/p>\n<\/div>\n<p class=\"field\"><span class=\"wpcf7-form-control-wrap your-message\"><textarea name=\"your-message\" cols=\"40\" rows=\"10\" class=\"wpcf7-form-control wpcf7-textarea\" aria-invalid=\"false\" placeholder=\"Message:\"><\/textarea><\/span> <\/p>\n<p class=\"submit-wrap\"><input type=\"reset\" value=\"clear\" class=\"btn btn-primary\" \/><input type=\"submit\" value=\"send\" class=\"wpcf7-form-control wpcf7-submit btn btn-primary\" \/><\/p>\n<div class=\"wpcf7-response-output\" role=\"alert\" aria-hidden=\"true\"><\/div><\/form><\/div><\/div>\n<\/div><!-- .row (end) -->\n","protected":false},"excerpt":{"rendered":"","protected":false},"author":1,"featured_media":0,"parent":0,"menu_order":6,"comment_status":"open","ping_status":"closed","template":"page-fullwidth.php","meta":[],"_links":{"self":[{"href":"https:\/\/www.stconsulting.ba\/index.php?rest_route=\/wp\/v2\/pages\/14"}],"collection":[{"href":"https:\/\/www.stconsulting.ba\/index.php?rest_route=\/wp\/v2\/pages"}],"about":[{"href":"https:\/\/www.stconsulting.ba\/index.php?rest_route=\/wp\/v2\/types\/page"}],"author":[{"embeddable":true,"href":"https:\/\/www.stconsulting.ba\/index.php?rest_route=\/wp\/v2\/users\/1"}],"replies":[{"embeddable":true,"href":"https:\/\/www.stconsulting.ba\/index.php?rest_route=%2Fwp%2Fv2%2Fcomments&post=14"}],"version-history":[{"count":9,"href":"https:\/\/www.stconsulting.ba\/index.php?rest_route=\/wp\/v2\/pages\/14\/revisions"}],"predecessor-version":[{"id":2152,"href":"https:\/\/www.stconsulting.ba\/index.php?rest_route=\/wp\/v2\/pages\/14\/revisions\/2152"}],"wp:attachment":[{"href":"https:\/\/www.stconsulting.ba\/index.php?rest_route=%2Fwp%2Fv2%2Fmedia&parent=14"}],"curies":[{"name":"wp","href":"https:\/\/api.w.org\/{rel}","templated":true}]}}